{"id":121,"date":"2023-12-18T13:04:32","date_gmt":"2023-12-18T13:04:32","guid":{"rendered":"https:\/\/www.ohoho.pl\/?post_type=product&#038;p=121"},"modified":"2024-03-17T21:19:29","modified_gmt":"2024-03-17T21:19:29","slug":"bluza-maya-m-ginkocolor","status":"publish","type":"product","link":"https:\/\/www.ohoho.pl\/index.php\/produkt\/bluza-maya-m-ginkocolor\/","title":{"rendered":"Bluza Maya-M &#8211; GinkoColor"},"content":{"rendered":"","protected":false},"excerpt":{"rendered":"<p>Bomberka damska<\/p>\n<div>Bluza uszyta jest z bawe\u0142ny (95%) z dodatkiem elastanu (5%).<\/div>\n<div><\/div>\n<div><strong>O materiale:<\/strong><\/div>\n<div><\/div>\n<div>Dres\u00f3wka, stworzona z wysokiej jako\u015bci bawe\u0142nianej prz\u0119dzy o p\u0119telkowej strukturze, prezentuje si\u0119 nie tylko trwa\u0142o\u015bci\u0105, ale r\u00f3wnie\u017c wyj\u0105tkow\u0105 intensywno\u015bci\u0105 kolor\u00f3w dzi\u0119ki nadrukowi cyfrowemu. Dodatkowo, dzi\u0119ki procesowi dodatkowego zmi\u0119kczania, materia\u0142 zachwyca nie tylko trwa\u0142o\u015bci\u0105, ale tak\u017ce nadzwyczajn\u0105 mi\u0119kko\u015bci\u0105, zapewniaj\u0105c niezapomniane doznania w ka\u017cdym kontakcie.<\/div>\n","protected":false},"featured_media":122,"comment_status":"closed","ping_status":"closed","template":"","meta":[],"product_brand":[],"product_cat":[22],"product_tag":[33,47,60,46,45],"class_list":{"0":"post-121","1":"product","2":"type-product","3":"status-publish","4":"has-post-thumbnail","6":"product_cat-bluzy-dorosli","7":"product_tag-bez-kaptura","8":"product_tag-ginkocolor","9":"product_tag-maya","10":"product_tag-z-kieszeniami","11":"product_tag-z-zamkiem","12":"pa_color-ginkocolor","13":"pa_kaptur-bez-kaptura","14":"pa_kieszenie-z-kieszeniami","15":"pa_zamek-zamek","17":"first","18":"onbackorder","19":"shipping-taxable","20":"purchasable","21":"product-type-simple"},"jetpack_sharing_enabled":true,"_links":{"self":[{"href":"https:\/\/www.ohoho.pl\/index.php\/wp-json\/wp\/v2\/product\/121","targetHints":{"allow":["GET"]}}],"collection":[{"href":"https:\/\/www.ohoho.pl\/index.php\/wp-json\/wp\/v2\/product"}],"about":[{"href":"https:\/\/www.ohoho.pl\/index.php\/wp-json\/wp\/v2\/types\/product"}],"replies":[{"embeddable":true,"href":"https:\/\/www.ohoho.pl\/index.php\/wp-json\/wp\/v2\/comments?post=121"}],"wp:featuredmedia":[{"embeddable":true,"href":"https:\/\/www.ohoho.pl\/index.php\/wp-json\/wp\/v2\/media\/122"}],"wp:attachment":[{"href":"https:\/\/www.ohoho.pl\/index.php\/wp-json\/wp\/v2\/media?parent=121"}],"wp:term":[{"taxonomy":"product_brand","embeddable":true,"href":"https:\/\/www.ohoho.pl\/index.php\/wp-json\/wp\/v2\/product_brand?post=121"},{"taxonomy":"product_cat","embeddable":true,"href":"https:\/\/www.ohoho.pl\/index.php\/wp-json\/wp\/v2\/product_cat?post=121"},{"taxonomy":"product_tag","embeddable":true,"href":"https:\/\/www.ohoho.pl\/index.php\/wp-json\/wp\/v2\/product_tag?post=121"}],"curies":[{"name":"wp","href":"https:\/\/api.w.org\/{rel}","templated":true}]}}