{"id":137,"date":"2024-01-14T12:30:02","date_gmt":"2024-01-14T12:30:02","guid":{"rendered":"https:\/\/www.ohoho.pl\/?post_type=product&#038;p=137"},"modified":"2024-02-15T11:33:49","modified_gmt":"2024-02-15T11:33:49","slug":"bluza-b1151-l-fiat126p","status":"publish","type":"product","link":"https:\/\/www.ohoho.pl\/index.php\/produkt\/bluza-b1151-l-fiat126p\/","title":{"rendered":"Bluza z kapturem L &#8211; Fiat126p"},"content":{"rendered":"<div>\n<p><strong>Materia\u0142:<\/strong> Dres\u00f3wka (bawe\u0142na z elastanem), stworzona z wysokiej jako\u015bci bawe\u0142nianej prz\u0119dzy o p\u0119telkowej strukturze, prezentuje si\u0119 nie tylko trwa\u0142o\u015bci\u0105, ale r\u00f3wnie\u017c wyj\u0105tkow\u0105 intensywno\u015bci\u0105 kolor\u00f3w dzi\u0119ki nadrukowi cyfrowemu. Dodatkowy proces zmi\u0119kczania sprawia, \u017ce materia\u0142 zachwyca nie tylko trwa\u0142o\u015bci\u0105, ale tak\u017ce nadzwyczajn\u0105 mi\u0119kko\u015bci\u0105.<\/p>\n<p><strong>Instrukcja piel\u0119gnacji:<\/strong> Aby zachowa\u0107 intensywno\u015b\u0107 kolor\u00f3w i kszta\u0142t bluzy, zalecamy pranie w pralce w temperaturze max 40\u00b0C z podobnymi kolorami. Nie nale\u017cy stosowa\u0107 wybielaczy ani suszy\u0107 w suszarce b\u0119bnowej.<\/p>\n<\/div>\n","protected":false},"excerpt":{"rendered":"<p>Bluza ze wzorem Fiata 126p z kapturem to wyj\u0105tkowy element garderoby dla mi\u0142o\u015bnik\u00f3w kultowego samochodu. Jej oryginalny design przedstawia charakterystyk\u0119 tego auta, co sprawia, \u017ce staje si\u0119 unikatowym wyrazem pasji motoryzacyjnej. Ta bluza to nie tylko ubranie, ale r\u00f3wnie\u017c wyraz sentymentu do ikony polskiej motoryzacji, kt\u00f3rej fanom z pewno\u015bci\u0105 przypadnie do gustu.<\/p>\n","protected":false},"featured_media":139,"comment_status":"closed","ping_status":"closed","template":"","meta":[],"product_brand":[],"product_cat":[22],"product_tag":[34,32,55,56,40,46],"class_list":{"0":"post-137","1":"product","2":"type-product","3":"status-publish","4":"has-post-thumbnail","6":"product_cat-bluzy-dorosli","7":"product_tag-bez-zamka","8":"product_tag-bluza","9":"product_tag-fiat126p","10":"product_tag-kieszen-typu-kangur","11":"product_tag-z-kapturem","12":"product_tag-z-kieszeniami","13":"pa_color-fiat126p","14":"pa_kaptur-z-kapturem","15":"pa_kieszenie-typ-kangur","16":"pa_zamek-bez-zamka","18":"first","19":"onbackorder","20":"shipping-taxable","21":"purchasable","22":"product-type-simple"},"jetpack_sharing_enabled":true,"_links":{"self":[{"href":"https:\/\/www.ohoho.pl\/index.php\/wp-json\/wp\/v2\/product\/137","targetHints":{"allow":["GET"]}}],"collection":[{"href":"https:\/\/www.ohoho.pl\/index.php\/wp-json\/wp\/v2\/product"}],"about":[{"href":"https:\/\/www.ohoho.pl\/index.php\/wp-json\/wp\/v2\/types\/product"}],"replies":[{"embeddable":true,"href":"https:\/\/www.ohoho.pl\/index.php\/wp-json\/wp\/v2\/comments?post=137"}],"wp:featuredmedia":[{"embeddable":true,"href":"https:\/\/www.ohoho.pl\/index.php\/wp-json\/wp\/v2\/media\/139"}],"wp:attachment":[{"href":"https:\/\/www.ohoho.pl\/index.php\/wp-json\/wp\/v2\/media?parent=137"}],"wp:term":[{"taxonomy":"product_brand","embeddable":true,"href":"https:\/\/www.ohoho.pl\/index.php\/wp-json\/wp\/v2\/product_brand?post=137"},{"taxonomy":"product_cat","embeddable":true,"href":"https:\/\/www.ohoho.pl\/index.php\/wp-json\/wp\/v2\/product_cat?post=137"},{"taxonomy":"product_tag","embeddable":true,"href":"https:\/\/www.ohoho.pl\/index.php\/wp-json\/wp\/v2\/product_tag?post=137"}],"curies":[{"name":"wp","href":"https:\/\/api.w.org\/{rel}","templated":true}]}}