{"id":148,"date":"2024-01-15T14:22:26","date_gmt":"2024-01-15T14:22:26","guid":{"rendered":"https:\/\/www.ohoho.pl\/?post_type=product&#038;p=148"},"modified":"2024-04-09T13:19:02","modified_gmt":"2024-04-09T13:19:02","slug":"bluza-celia-m-multicolor","status":"publish","type":"product","link":"https:\/\/www.ohoho.pl\/index.php\/produkt\/bluza-celia-m-multicolor\/","title":{"rendered":"Bluza Celia-M -MultiColor"},"content":{"rendered":"<ul>\n<li><strong>Wz\u00f3r:<\/strong> Kolorowy print MultiColor.<\/li>\n<li><strong>Materia\u0142:<\/strong> Mi\u0119kka i komfortowa dzianina zapewniaj\u0105ca komfort noszenia. Bawe\u0142na (95%) z dodatkiem elastanu (5%).<\/li>\n<li><strong>Styl:<\/strong>\u00a0Bluza \u015bwietnie komponuje si\u0119 zar\u00f3wno z jeansami, jak i eleganckimi spodniami, oferuj\u0105c wszechstronno\u015b\u0107 zastosowania.<\/li>\n<li><strong>Cechy:<\/strong>\u00a0 Obni\u017cona linia ramion, kr\u00f3j oversize, linia dekoltu, d\u00f3\u0142 i r\u0119kawy wyko\u0144czone \u015bci\u0105gaczem.<\/li>\n<\/ul>\n<p><strong>Instrukcja piel\u0119gnacji:\u00a0<\/strong>Aby zachowa\u0107 intensywno\u015b\u0107 kolor\u00f3w i kszta\u0142t bluzy, zalecamy pranie na lewej stronie w temperaturze max 40\u00b0C z podobnymi kolorami. Nie nale\u017cy stosowa\u0107 wybielaczy ani suszy\u0107 w suszarce b\u0119bnowej.<\/p>\n","protected":false},"excerpt":{"rendered":"<p>Bluza damska z nadrukiem MultiColor to doskona\u0142y wyb\u00f3r dla mi\u0142o\u015bniczek kolorowej odzie\u017cy. Ten projekt to prawdziwe po\u0142\u0105czenie r\u00f3\u017cnorodnych barw i kszta\u0142t\u00f3w, dzi\u0119ki czemu nikt nie przejdzie obok Ciebie oboj\u0119tnie. Nasza kolorowa bluza wykonana jest z wysokiej jako\u015bci materia\u0142\u00f3w, co gwarantuje d\u0142ugotrwa\u0142e korzystanie z niej. Bluza nie tylko wzbogaci Twoj\u0105 garderob\u0119, ale r\u00f3wnie\u017c podkre\u015bli oryginalno\u015b\u0107 Twojego stylu.<\/p>\n","protected":false},"featured_media":149,"comment_status":"closed","ping_status":"closed","template":"","meta":[],"product_brand":[],"product_cat":[22],"product_tag":[33,50,34,32,59,36],"class_list":{"0":"post-148","1":"product","2":"type-product","3":"status-publish","4":"has-post-thumbnail","6":"product_cat-bluzy-dorosli","7":"product_tag-bez-kaptura","8":"product_tag-bez-kieszeni","9":"product_tag-bez-zamka","10":"product_tag-bluza","11":"product_tag-celia","12":"product_tag-multicolor","13":"pa_color-multicolor","14":"pa_kaptur-bez-kaptura","15":"pa_kieszenie-bez-kieszeni","16":"pa_zamek-bez-zamka","18":"first","19":"instock","20":"shipping-taxable","21":"purchasable","22":"product-type-simple"},"jetpack_sharing_enabled":true,"_links":{"self":[{"href":"https:\/\/www.ohoho.pl\/index.php\/wp-json\/wp\/v2\/product\/148","targetHints":{"allow":["GET"]}}],"collection":[{"href":"https:\/\/www.ohoho.pl\/index.php\/wp-json\/wp\/v2\/product"}],"about":[{"href":"https:\/\/www.ohoho.pl\/index.php\/wp-json\/wp\/v2\/types\/product"}],"replies":[{"embeddable":true,"href":"https:\/\/www.ohoho.pl\/index.php\/wp-json\/wp\/v2\/comments?post=148"}],"wp:featuredmedia":[{"embeddable":true,"href":"https:\/\/www.ohoho.pl\/index.php\/wp-json\/wp\/v2\/media\/149"}],"wp:attachment":[{"href":"https:\/\/www.ohoho.pl\/index.php\/wp-json\/wp\/v2\/media?parent=148"}],"wp:term":[{"taxonomy":"product_brand","embeddable":true,"href":"https:\/\/www.ohoho.pl\/index.php\/wp-json\/wp\/v2\/product_brand?post=148"},{"taxonomy":"product_cat","embeddable":true,"href":"https:\/\/www.ohoho.pl\/index.php\/wp-json\/wp\/v2\/product_cat?post=148"},{"taxonomy":"product_tag","embeddable":true,"href":"https:\/\/www.ohoho.pl\/index.php\/wp-json\/wp\/v2\/product_tag?post=148"}],"curies":[{"name":"wp","href":"https:\/\/api.w.org\/{rel}","templated":true}]}}