{"id":207,"date":"2024-02-11T15:17:12","date_gmt":"2024-02-11T15:17:12","guid":{"rendered":"https:\/\/www.ohoho.pl\/?post_type=product&#038;p=207"},"modified":"2024-11-01T12:01:05","modified_gmt":"2024-11-01T12:01:05","slug":"bluza-dziecieca-kwiatykoguty","status":"publish","type":"product","link":"https:\/\/www.ohoho.pl\/index.php\/produkt\/bluza-dziecieca-kwiatykoguty\/","title":{"rendered":"Bluza dzieci\u0119ca -KwiatyKoguty"},"content":{"rendered":"<p><strong>Cechy produktu:<\/strong><\/p>\n<ul>\n<li><strong>Wz\u00f3r:<\/strong> R\u0119kawy oraz kaptur ozdobione s\u0105 pi\u0119knym, kolorowym wzorem z kogutami i kwiatami na ciemnym tle, natomiast reszta bluzy jest jednolita, w klasycznym, czarnym kolorze.<\/li>\n<li><strong>Materia\u0142:<\/strong> Mi\u0119kka i ciep\u0142a mieszanka bawe\u0142ny i elastanu, idealna na ch\u0142odniejsze dni.<\/li>\n<li><strong>Kaptur:<\/strong> Wygodny, obszerny kaptur z podszewk\u0105 w wiejski wz\u00f3r, chroni\u0105cy przed wiatrem i zimnem.<\/li>\n<li><strong>Kr\u00f3j:<\/strong> Komfortowy, lekko dopasowany do cia\u0142a dziecka z praktycznymi \u015bci\u0105gaczami na dole i przy r\u0119kawach.<\/li>\n<li><strong>Styl:<\/strong> Bluza \u015bwietnie nadaje si\u0119 do zabaw na dworze, wycieczek szkolnych oraz codziennego u\u017cytku.<\/li>\n<li><strong>Rozmiar:<\/strong> 116 &#8211; prosimy o zapoznanie si\u0119 z tabel\u0105 wymiar\u00f3w, aby upewni\u0107 si\u0119 co do wyboru odpowiedniego rozmiaru dla Twojego dziecka.<\/li>\n<\/ul>\n<p><strong>Instrukcja piel\u0119gnacji:<\/strong><\/p>\n<ul>\n<li>Pra\u0107 w pralce w temperaturze do 30\u00b0C, z podobnymi kolorami.<\/li>\n<li>Nie wybiela\u0107.<\/li>\n<li>Suszy\u0107 rozwieszone lub na p\u0142asko w cieniu.<\/li>\n<li>Prasowa\u0107 w niskiej temperaturze.<\/li>\n<\/ul>\n","protected":false},"excerpt":{"rendered":"<p><strong>Opis:<\/strong><br \/>\nPrzytulna i pe\u0142na uroku bluza dzieci\u0119ca &#8222;KwiatyKoguty&#8221; to doskona\u0142y wyb\u00f3r dla ma\u0142ych mi\u0142o\u015bnik\u00f3w natury. Wyr\u00f3\u017cniaj\u0105cy si\u0119 print z motywami wiejskimi, w tym kogutami i kwiatami, przenosi w \u015bwiat rustykalnych pejza\u017cy i przyg\u00f3d na \u0142onie natury. Wykonana z mi\u0119kkiego, przyjaznego dla dzieci materia\u0142u, zapewni ciep\u0142o i wygod\u0119 w ka\u017cdej sytuacji.<\/p>\n","protected":false},"featured_media":208,"comment_status":"closed","ping_status":"closed","template":"","meta":[],"product_brand":[],"product_cat":[20],"product_tag":[],"class_list":{"0":"post-207","1":"product","2":"type-product","3":"status-publish","4":"has-post-thumbnail","6":"product_cat-dzieci","7":"pa_color-kwiatykoguty","8":"pa_kaptur-z-kapturem","9":"pa_kieszenie-bez-kieszeni","10":"pa_zamek-bez-zamka","12":"first","13":"outofstock","14":"shipping-taxable","15":"purchasable","16":"product-type-simple"},"jetpack_sharing_enabled":true,"_links":{"self":[{"href":"https:\/\/www.ohoho.pl\/index.php\/wp-json\/wp\/v2\/product\/207","targetHints":{"allow":["GET"]}}],"collection":[{"href":"https:\/\/www.ohoho.pl\/index.php\/wp-json\/wp\/v2\/product"}],"about":[{"href":"https:\/\/www.ohoho.pl\/index.php\/wp-json\/wp\/v2\/types\/product"}],"replies":[{"embeddable":true,"href":"https:\/\/www.ohoho.pl\/index.php\/wp-json\/wp\/v2\/comments?post=207"}],"wp:featuredmedia":[{"embeddable":true,"href":"https:\/\/www.ohoho.pl\/index.php\/wp-json\/wp\/v2\/media\/208"}],"wp:attachment":[{"href":"https:\/\/www.ohoho.pl\/index.php\/wp-json\/wp\/v2\/media?parent=207"}],"wp:term":[{"taxonomy":"product_brand","embeddable":true,"href":"https:\/\/www.ohoho.pl\/index.php\/wp-json\/wp\/v2\/product_brand?post=207"},{"taxonomy":"product_cat","embeddable":true,"href":"https:\/\/www.ohoho.pl\/index.php\/wp-json\/wp\/v2\/product_cat?post=207"},{"taxonomy":"product_tag","embeddable":true,"href":"https:\/\/www.ohoho.pl\/index.php\/wp-json\/wp\/v2\/product_tag?post=207"}],"curies":[{"name":"wp","href":"https:\/\/api.w.org\/{rel}","templated":true}]}}