{"id":222,"date":"2024-02-11T21:02:30","date_gmt":"2024-02-11T21:02:30","guid":{"rendered":"https:\/\/www.ohoho.pl\/?post_type=product&#038;p=222"},"modified":"2024-11-06T11:49:29","modified_gmt":"2024-11-06T11:49:29","slug":"bluza-oversize-s-m","status":"publish","type":"product","link":"https:\/\/www.ohoho.pl\/index.php\/produkt\/bluza-oversize-s-m\/","title":{"rendered":"Bluza Werka M &#8211; Ringi"},"content":{"rendered":"<p><strong>Cechy produktu:<\/strong><\/p>\n<ul>\n<li><strong>Wz\u00f3r:<\/strong> Zar\u00f3wno prz\u00f3d i ty\u0142 bluzy uszyte z dw\u00f3ch r\u00f3\u017cnych wzor\u00f3w materia\u0142\u00f3w.<\/li>\n<li><strong>Materia\u0142:<\/strong> Wygodna i mi\u0119kka dzianina zapewniaj\u0105ca ciep\u0142o i komfort w ch\u0142odniejsze dni.<\/li>\n<li><strong>Kaptur:<\/strong> Obszerny kaptur w kolorze bluzy z podszewk\u0105, idealny na wietrzne i deszczowe pogody.<\/li>\n<li><strong>Kr\u00f3j:<\/strong> Lu\u017any fason z \u015bci\u0105gaczami na dole i przy r\u0119kawach dla lepszego dopasowania i utrzymania ciep\u0142a.<\/li>\n<li><strong>Styl:<\/strong> Bluza doskona\u0142a na co dzie\u0144, zar\u00f3wno do jeans\u00f3w, jak i sportowych spodni. Dodaje koloru i energii do ka\u017cdego stroju.<\/li>\n<li><strong>Rozmiary:<\/strong> Dost\u0119pna w r\u00f3\u017cnych rozmiarach, prosimy o sprawdzenie naszej tabeli rozmiar\u00f3w, aby znale\u017a\u0107 idealne dopasowanie.<\/li>\n<\/ul>\n<p><strong>Instrukcja piel\u0119gnacji:\u00a0<\/strong>Aby zachowa\u0107 intensywno\u015b\u0107 kolor\u00f3w i kszta\u0142t bluzy, zalecamy pranie na lewej stronie w temperaturze max 40\u00b0C z podobnymi kolorami. Nie nale\u017cy stosowa\u0107 wybielaczy ani suszy\u0107 w suszarce b\u0119bnowej.<\/p>\n","protected":false},"excerpt":{"rendered":"<p>Bluza Werka z kapturem &#8222;Ringi&#8221;<br \/>\nOdkryj artystyczn\u0105 stron\u0119 swojego stylu z bluz\u0105 Werka &#8211; Ringi. Ta niezwyk\u0142a bluza \u0142\u0105czy klasyczn\u0105 elegancj\u0119 czerni z ekspresyjnym abstrakcyjnym wzorem, kt\u00f3ry przykuwa uwag\u0119 i staje si\u0119 wyrazistym elementem ka\u017cdej stylizacji. Wykonana z mi\u0119kkiego i ciep\u0142ego materia\u0142u, bluza ta zapewni komfort i ochron\u0119 w ch\u0142odniejsze dni.<\/p>\n","protected":false},"featured_media":223,"comment_status":"closed","ping_status":"closed","template":"","meta":[],"product_brand":[],"product_cat":[22],"product_tag":[34,32,85,40],"class_list":{"0":"post-222","1":"product","2":"type-product","3":"status-publish","4":"has-post-thumbnail","6":"product_cat-bluzy-dorosli","7":"product_tag-bez-zamka","8":"product_tag-bluza","9":"product_tag-werka","10":"product_tag-z-kapturem","11":"pa_kaptur-z-kapturem","12":"pa_kieszenie-bez-kieszeni","13":"pa_zamek-bez-zamka","15":"first","16":"outofstock","17":"shipping-taxable","18":"purchasable","19":"product-type-simple"},"jetpack_sharing_enabled":true,"_links":{"self":[{"href":"https:\/\/www.ohoho.pl\/index.php\/wp-json\/wp\/v2\/product\/222","targetHints":{"allow":["GET"]}}],"collection":[{"href":"https:\/\/www.ohoho.pl\/index.php\/wp-json\/wp\/v2\/product"}],"about":[{"href":"https:\/\/www.ohoho.pl\/index.php\/wp-json\/wp\/v2\/types\/product"}],"replies":[{"embeddable":true,"href":"https:\/\/www.ohoho.pl\/index.php\/wp-json\/wp\/v2\/comments?post=222"}],"wp:featuredmedia":[{"embeddable":true,"href":"https:\/\/www.ohoho.pl\/index.php\/wp-json\/wp\/v2\/media\/223"}],"wp:attachment":[{"href":"https:\/\/www.ohoho.pl\/index.php\/wp-json\/wp\/v2\/media?parent=222"}],"wp:term":[{"taxonomy":"product_brand","embeddable":true,"href":"https:\/\/www.ohoho.pl\/index.php\/wp-json\/wp\/v2\/product_brand?post=222"},{"taxonomy":"product_cat","embeddable":true,"href":"https:\/\/www.ohoho.pl\/index.php\/wp-json\/wp\/v2\/product_cat?post=222"},{"taxonomy":"product_tag","embeddable":true,"href":"https:\/\/www.ohoho.pl\/index.php\/wp-json\/wp\/v2\/product_tag?post=222"}],"curies":[{"name":"wp","href":"https:\/\/api.w.org\/{rel}","templated":true}]}}