{"id":254,"date":"2024-02-13T14:16:58","date_gmt":"2024-02-13T14:16:58","guid":{"rendered":"https:\/\/www.ohoho.pl\/?post_type=product&#038;p=254"},"modified":"2024-04-08T17:24:27","modified_gmt":"2024-04-08T17:24:27","slug":"bluza-oversize-s-m-monstera-kopia","status":"publish","type":"product","link":"https:\/\/www.ohoho.pl\/index.php\/produkt\/bluza-oversize-s-m-monstera-kopia\/","title":{"rendered":"Bluza Werka L &#8211; Tropikalny Neon &#8211; Monstera"},"content":{"rendered":"<p><strong>Materia\u0142:<\/strong> Bluza zosta\u0142a uszyta z wysokiej jako\u015bci materia\u0142u, kt\u00f3ry zapewnia zar\u00f3wno komfort, jak i trwa\u0142o\u015b\u0107. G\u0142adki, czarny materia\u0142 stanowi t\u0142o dla energetycznych akcent\u00f3w wzoru Monstera. Bluza jest mi\u0119kka i przyjemna w dotyku.<\/p>\n<p><strong>Design:<\/strong> Charakterystyczny design \u0142\u0105czy w sobie prost\u0105, czarn\u0105 baz\u0119 z r\u0119kawami i kapturem zdobionymi w \u017cywe, neonowe barwy li\u015bci Monstera. Dzi\u0119ki temu, bluza jest nie tylko wygodna, ale r\u00f3wnie\u017c stanowi wyrazisty element ka\u017cdej stylizacji.<\/p>\n<p><strong>Rozmiar:<\/strong> Dost\u0119pna w rozmiarach XXS-XXXL, idealnie dopasuje si\u0119 do sylwetki, oferuj\u0105c swobod\u0119 ruch\u00f3w i wygod\u0119 noszenia.<\/p>\n<p><strong>Instrukcja piel\u0119gnacji:<\/strong> Aby zachowa\u0107 intensywno\u015b\u0107 kolor\u00f3w i kszta\u0142t bluzy, zalecamy pranie na lewej stronie w temperaturze max 40\u00b0C z podobnymi kolorami. Nie nale\u017cy stosowa\u0107 wybielaczy ani suszy\u0107 w suszarce b\u0119bnowej.<\/p>\n<p>Nasza Bluza &#8222;Tropikalny Neon&#8221; to doskona\u0142y wyb\u00f3r dla os\u00f3b ceni\u0105cych sobie oryginalno\u015b\u0107 i styl. Idealna na ch\u0142odniejsze dni, zar\u00f3wno na zewn\u0105trz, jak i w domowym zaciszu. Czy to spacer po mie\u015bcie, czy relaks w domu \u2013 z t\u0105 bluz\u0105 zawsze b\u0119dziesz wygl\u0105da\u0107 modnie i czu\u0107 si\u0119 komfortowo.<\/p>\n","protected":false},"excerpt":{"rendered":"<p>Odkryj dzik\u0105 stron\u0119 mody z nasz\u0105 Bluz\u0105 z Kapturem &#8222;Tropikalny Neon&#8221; (Monstera). Ta stylowa i wygodna bluza \u0142\u0105czy klasyczn\u0105 elegancj\u0119 czerni z hipnotyzuj\u0105cym wzorem li\u015bci Monstera, kt\u00f3re wy\u0142aniaj\u0105 si\u0119 niczym neonowe \u015bwiat\u0142a w nocnym tropikalu.<\/p>\n","protected":false},"featured_media":255,"comment_status":"closed","ping_status":"closed","template":"","meta":[],"product_brand":[],"product_cat":[22],"product_tag":[34,32,82,85,40],"class_list":{"0":"post-254","1":"product","2":"type-product","3":"status-publish","4":"has-post-thumbnail","6":"product_cat-bluzy-dorosli","7":"product_tag-bez-zamka","8":"product_tag-bluza","9":"product_tag-monstera","10":"product_tag-werka","11":"product_tag-z-kapturem","12":"pa_color-monstera","13":"pa_kaptur-z-kapturem","14":"pa_kieszenie-bez-kieszeni","15":"pa_zamek-bez-zamka","17":"first","18":"onbackorder","19":"shipping-taxable","20":"purchasable","21":"product-type-simple"},"jetpack_sharing_enabled":true,"_links":{"self":[{"href":"https:\/\/www.ohoho.pl\/index.php\/wp-json\/wp\/v2\/product\/254","targetHints":{"allow":["GET"]}}],"collection":[{"href":"https:\/\/www.ohoho.pl\/index.php\/wp-json\/wp\/v2\/product"}],"about":[{"href":"https:\/\/www.ohoho.pl\/index.php\/wp-json\/wp\/v2\/types\/product"}],"replies":[{"embeddable":true,"href":"https:\/\/www.ohoho.pl\/index.php\/wp-json\/wp\/v2\/comments?post=254"}],"wp:featuredmedia":[{"embeddable":true,"href":"https:\/\/www.ohoho.pl\/index.php\/wp-json\/wp\/v2\/media\/255"}],"wp:attachment":[{"href":"https:\/\/www.ohoho.pl\/index.php\/wp-json\/wp\/v2\/media?parent=254"}],"wp:term":[{"taxonomy":"product_brand","embeddable":true,"href":"https:\/\/www.ohoho.pl\/index.php\/wp-json\/wp\/v2\/product_brand?post=254"},{"taxonomy":"product_cat","embeddable":true,"href":"https:\/\/www.ohoho.pl\/index.php\/wp-json\/wp\/v2\/product_cat?post=254"},{"taxonomy":"product_tag","embeddable":true,"href":"https:\/\/www.ohoho.pl\/index.php\/wp-json\/wp\/v2\/product_tag?post=254"}],"curies":[{"name":"wp","href":"https:\/\/api.w.org\/{rel}","templated":true}]}}