{"id":265,"date":"2024-02-13T14:47:04","date_gmt":"2024-02-13T14:47:04","guid":{"rendered":"https:\/\/www.ohoho.pl\/?post_type=product&#038;p=265"},"modified":"2025-03-21T11:25:23","modified_gmt":"2025-03-21T11:25:23","slug":"bluza-anula-z-kominokapturem","status":"publish","type":"product","link":"https:\/\/www.ohoho.pl\/index.php\/produkt\/bluza-anula-z-kominokapturem\/","title":{"rendered":"Bluza Anula z kominokapturem  czerwona"},"content":{"rendered":"<p><strong>Materia\u0142:<\/strong> Bluza uszyta zosta\u0142a z mi\u0119kkiego, elastycznego materia\u0142u, kt\u00f3ry zapewnia wygod\u0119 noszenia na co dzie\u0144. Jej intensywny kolor przyci\u0105ga wzrok i dodaje energii ka\u017cdej stylizacji.<\/p>\n<p><strong>Design:<\/strong> Charakterystyczn\u0105 cech\u0105 bluzy Anula jest jej kominokaptur, kt\u00f3ry mo\u017ce by\u0107 noszony na wiele sposob\u00f3w \u2013 jako komin, kaptur, czy nawet jako stylowy akcent opadaj\u0105cy na ramiona. Dodatkowym elementem, kt\u00f3ry wyr\u00f3\u017cnia ten model, jest ozdobny zamek umieszczony z ty\u0142u bluzy, dodaj\u0105cy jej oryginalno\u015bci i nowoczesnego charakteru.<\/p>\n<p><strong>Rozmiar:<\/strong> Dost\u0119pna w r\u00f3\u017cnych rozmiarach, bluza &#8222;Anula&#8221; jest zaprojektowana tak, by pasowa\u0142a na ka\u017cd\u0105 sylwetk\u0119, podkre\u015blaj\u0105c jej atuty i zapewniaj\u0105c swobod\u0119 ruch\u00f3w.<\/p>\n<p><strong>Instrukcja piel\u0119gnacji:<\/strong> Aby zachowa\u0107 intensywno\u015b\u0107 kolor\u00f3w i kszta\u0142t bluzy, zalecamy pranie w pralce w temperaturze max 40\u00b0C z podobnymi kolorami. Nie nale\u017cy stosowa\u0107 wybielaczy ani suszy\u0107 w suszarce b\u0119bnowej.<\/p>\n<p>Bluza &#8222;Anula&#8221; to idealny wyb\u00f3r dla kobiet, kt\u00f3re chc\u0105 czu\u0107 si\u0119 komfortowo, a jednocze\u015bnie wygl\u0105da\u0107 stylowo ka\u017cdego dnia. Jest to str\u00f3j uniwersalny, doskona\u0142y na r\u00f3\u017cne okazje, od wyj\u015bcia z przyjaci\u00f3\u0142mi po relaks w domowym zaciszu.<\/p>\n","protected":false},"excerpt":{"rendered":"<p>Bluza &#8222;Anula&#8221; to po\u0142\u0105czenie klasycznego stylu i nowoczesnych detali, kt\u00f3re razem tworz\u0105 wyj\u0105tkow\u0105 i funkcjonaln\u0105 cz\u0119\u015b\u0107 garderoby. Wykonana z my\u015bl\u0105 o kobietach, kt\u00f3re ceni\u0105 sobie komfort i oryginalno\u015b\u0107, ta bluza z pewno\u015bci\u0105 zadowoli nawet najbardziej wymagaj\u0105ce gusty.<\/p>\n","protected":false},"featured_media":266,"comment_status":"closed","ping_status":"closed","template":"","meta":[],"product_brand":[],"product_cat":[22],"product_tag":[90,32,91,92],"class_list":{"0":"post-265","1":"product","2":"type-product","3":"status-publish","4":"has-post-thumbnail","6":"product_cat-bluzy-dorosli","7":"product_tag-anula","8":"product_tag-bluza","9":"product_tag-z-kominokapturem","10":"product_tag-zamek-ozdobny","11":"pa_kaptur-kominokaptur","12":"pa_kieszenie-bez-kieszeni","13":"pa_zamek-ozdobny","15":"first","16":"outofstock","17":"shipping-taxable","18":"purchasable","19":"product-type-simple"},"jetpack_sharing_enabled":true,"_links":{"self":[{"href":"https:\/\/www.ohoho.pl\/index.php\/wp-json\/wp\/v2\/product\/265","targetHints":{"allow":["GET"]}}],"collection":[{"href":"https:\/\/www.ohoho.pl\/index.php\/wp-json\/wp\/v2\/product"}],"about":[{"href":"https:\/\/www.ohoho.pl\/index.php\/wp-json\/wp\/v2\/types\/product"}],"replies":[{"embeddable":true,"href":"https:\/\/www.ohoho.pl\/index.php\/wp-json\/wp\/v2\/comments?post=265"}],"wp:featuredmedia":[{"embeddable":true,"href":"https:\/\/www.ohoho.pl\/index.php\/wp-json\/wp\/v2\/media\/266"}],"wp:attachment":[{"href":"https:\/\/www.ohoho.pl\/index.php\/wp-json\/wp\/v2\/media?parent=265"}],"wp:term":[{"taxonomy":"product_brand","embeddable":true,"href":"https:\/\/www.ohoho.pl\/index.php\/wp-json\/wp\/v2\/product_brand?post=265"},{"taxonomy":"product_cat","embeddable":true,"href":"https:\/\/www.ohoho.pl\/index.php\/wp-json\/wp\/v2\/product_cat?post=265"},{"taxonomy":"product_tag","embeddable":true,"href":"https:\/\/www.ohoho.pl\/index.php\/wp-json\/wp\/v2\/product_tag?post=265"}],"curies":[{"name":"wp","href":"https:\/\/api.w.org\/{rel}","templated":true}]}}