{"id":358,"date":"2024-02-15T11:46:03","date_gmt":"2024-02-15T11:46:03","guid":{"rendered":"https:\/\/www.ohoho.pl\/?post_type=product&#038;p=358"},"modified":"2024-04-09T12:38:25","modified_gmt":"2024-04-09T12:38:25","slug":"bluza-raglan-l-colorsmosaic","status":"publish","type":"product","link":"https:\/\/www.ohoho.pl\/index.php\/produkt\/bluza-raglan-l-colorsmosaic\/","title":{"rendered":"Bluza Raglan L- ColorsMosaic"},"content":{"rendered":"<p>Wykonana z mi\u0119kkiego, przyjemnego w dotyku materia\u0142u, zapewnia maksymalny komfort noszenia przez ca\u0142y dzie\u0144. Intensywne, nasycone kolory wzoru kontrastuj\u0105 z jednolitym kolorem r\u0119kaw\u00f3w, co dodaje ubraniu dynamiki i nowoczesnego charakteru. Dzi\u0119ki zastosowaniu wysokiej jako\u015bci druku cyfrowego, wz\u00f3r pozostaje \u017cywy nawet po wielokrotnym praniu.<\/p>\n<p>Bluza posiada r\u0119kawy raglanowe. Dekolt, d\u00f3\u0142 bluzy i r\u0119kawy wyko\u0144czone s\u0105 \u015bci\u0105gaczem, co sprawia, \u017ce jest wygodna i \u0142atwa w zestawianiu z innymi elementami garderoby. Idealnie sprawdzi si\u0119 zar\u00f3wno w codziennych, miejskich stylizacjach, jak i podczas wieczornych wyj\u015b\u0107 z przyjaci\u00f3\u0142mi.<\/p>\n<p>Bluza ze wzorem ColorsMosaic to nie tylko odzie\u017c, to spos\u00f3b na wyra\u017cenie w\u0142asnego, unikalnego stylu \u017cycia. Jest to wyb\u00f3r dla \u015bmia\u0142ych, kt\u00f3rzy nie boj\u0105 si\u0119 zwraca\u0107 na siebie uwagi i ceni\u0105 sobie oryginalno\u015b\u0107 w ka\u017cdym calu. Dodaj swojej szafie koloru i charakteru z t\u0105 niezwyk\u0142\u0105 bluz\u0105, kt\u00f3ra z pewno\u015bci\u0105 nie pozwoli Ci przej\u015b\u0107 niezauwa\u017conym!<\/p>\n<p><strong>Instrukcja piel\u0119gnacji:\u00a0<\/strong>Aby zachowa\u0107 intensywno\u015b\u0107 kolor\u00f3w i kszta\u0142t bluzy, zalecamy pranie na lewej stronie w temperaturze max 40\u00b0C z podobnymi kolorami. Nie nale\u017cy stosowa\u0107 wybielaczy ani suszy\u0107 w suszarce b\u0119bnowej.<\/p>\n","protected":false},"excerpt":{"rendered":"<p>Bluza ze wzorem ColorsMosaic to prawdziwy must-have dla mi\u0142o\u015bnik\u00f3w niekonwencjonalnej mody. Jej hipnotyzuj\u0105cy, pe\u0142en energii wz\u00f3r przyci\u0105ga wzrok i sprawia, \u017ce ka\u017cda stylizacja staje si\u0119 wyj\u0105tkowa. Bluza zosta\u0142a zaprojektowana z my\u015bl\u0105 o osobach, kt\u00f3re chc\u0105 wyrazi\u0107 siebie poprzez odwa\u017cne i niebanalne ubrania.<\/p>\n","protected":false},"featured_media":360,"comment_status":"closed","ping_status":"closed","template":"","meta":[],"product_brand":[],"product_cat":[22],"product_tag":[33,34,39,87],"class_list":{"0":"post-358","1":"product","2":"type-product","3":"status-publish","4":"has-post-thumbnail","6":"product_cat-bluzy-dorosli","7":"product_tag-bez-kaptura","8":"product_tag-bez-zamka","9":"product_tag-colorsmosaic","10":"product_tag-raglan","11":"pa_color-psychedelicdream","12":"pa_kaptur-bez-kaptura","13":"pa_kieszenie-bez-kieszeni","14":"pa_zamek-bez-zamka","16":"first","17":"onbackorder","18":"shipping-taxable","19":"purchasable","20":"product-type-simple"},"jetpack_sharing_enabled":true,"_links":{"self":[{"href":"https:\/\/www.ohoho.pl\/index.php\/wp-json\/wp\/v2\/product\/358","targetHints":{"allow":["GET"]}}],"collection":[{"href":"https:\/\/www.ohoho.pl\/index.php\/wp-json\/wp\/v2\/product"}],"about":[{"href":"https:\/\/www.ohoho.pl\/index.php\/wp-json\/wp\/v2\/types\/product"}],"replies":[{"embeddable":true,"href":"https:\/\/www.ohoho.pl\/index.php\/wp-json\/wp\/v2\/comments?post=358"}],"wp:featuredmedia":[{"embeddable":true,"href":"https:\/\/www.ohoho.pl\/index.php\/wp-json\/wp\/v2\/media\/360"}],"wp:attachment":[{"href":"https:\/\/www.ohoho.pl\/index.php\/wp-json\/wp\/v2\/media?parent=358"}],"wp:term":[{"taxonomy":"product_brand","embeddable":true,"href":"https:\/\/www.ohoho.pl\/index.php\/wp-json\/wp\/v2\/product_brand?post=358"},{"taxonomy":"product_cat","embeddable":true,"href":"https:\/\/www.ohoho.pl\/index.php\/wp-json\/wp\/v2\/product_cat?post=358"},{"taxonomy":"product_tag","embeddable":true,"href":"https:\/\/www.ohoho.pl\/index.php\/wp-json\/wp\/v2\/product_tag?post=358"}],"curies":[{"name":"wp","href":"https:\/\/api.w.org\/{rel}","templated":true}]}}