{"id":585,"date":"2024-04-09T12:57:47","date_gmt":"2024-04-09T12:57:47","guid":{"rendered":"https:\/\/www.ohoho.pl\/?post_type=product&#038;p=585"},"modified":"2024-04-09T13:03:36","modified_gmt":"2024-04-09T13:03:36","slug":"bluza-raglan-l-kolorowe-litery","status":"publish","type":"product","link":"https:\/\/www.ohoho.pl\/index.php\/produkt\/bluza-raglan-l-kolorowe-litery\/","title":{"rendered":"Bluza Raglan L- Kolorowe Litery"},"content":{"rendered":"<ul>\n<li><strong>Wz\u00f3r:<\/strong> Po\u0142\u0105czenie soczystej czerwieni z kolorowym alfabetem na bia\u0142ym tle.<\/li>\n<li><strong>Materia\u0142:<\/strong> Mi\u0119kka i komfortowa dzianina, stworzona z wysokiej jako\u015bci bawe\u0142nianej prz\u0119dzy o p\u0119telkowej strukturze, prezentuje si\u0119 nie tylko trwa\u0142o\u015bci\u0105, ale r\u00f3wnie\u017c wyj\u0105tkow\u0105 intensywno\u015bci\u0105 kolor\u00f3w.<\/li>\n<li><strong>Styl:<\/strong>\u00a0Bluza \u015bwietnie komponuje si\u0119 zar\u00f3wno z jeansami, jak i eleganckimi spodniami, oferuj\u0105c wszechstronno\u015b\u0107 zastosowania.<\/li>\n<li><strong>Cechy:<\/strong>\u00a0 R\u0119kaw raglanowy, klasyczny dekolt, linia dekoltu, d\u00f3\u0142 i r\u0119kawy wyko\u0144czone \u015bci\u0105gaczem.<\/li>\n<\/ul>\n<p><strong>Instrukcja piel\u0119gnacji:\u00a0<\/strong>Aby zachowa\u0107 intensywno\u015b\u0107 kolor\u00f3w i kszta\u0142t bluzy, zalecamy pranie na lewej stronie w temperaturze max 40\u00b0C z podobnymi kolorami. Nie nale\u017cy stosowa\u0107 wybielaczy ani suszy\u0107 w suszarce b\u0119bnowej.<\/p>\n","protected":false},"excerpt":{"rendered":"<div>Czerwona bluza z kolorowymi r\u0119kawami raglanowymi to wyj\u0105tkowy i stylowy element garderoby, kt\u00f3ry \u0142\u0105czy w sobie klasyczn\u0105 elegancj\u0119 z oryginalnym akcentem. Bluza zosta\u0142a stworzona z my\u015bl\u0105 o osobach, kt\u00f3re chc\u0105 wyrazi\u0107 siebie poprzez odwa\u017cne i niebanalne ubrania.<\/div>\n","protected":false},"featured_media":567,"comment_status":"closed","ping_status":"closed","template":"","meta":[],"product_brand":[],"product_cat":[22],"product_tag":[33,34,99,87],"class_list":{"0":"post-585","1":"product","2":"type-product","3":"status-publish","4":"has-post-thumbnail","6":"product_cat-bluzy-dorosli","7":"product_tag-bez-kaptura","8":"product_tag-bez-zamka","9":"product_tag-kolorowelitery","10":"product_tag-raglan","11":"pa_color-kwiatykoguty","12":"pa_kaptur-bez-kaptura","13":"pa_kieszenie-bez-kieszeni","14":"pa_zamek-bez-zamka","16":"first","17":"instock","18":"shipping-taxable","19":"purchasable","20":"product-type-simple"},"jetpack_sharing_enabled":true,"_links":{"self":[{"href":"https:\/\/www.ohoho.pl\/index.php\/wp-json\/wp\/v2\/product\/585","targetHints":{"allow":["GET"]}}],"collection":[{"href":"https:\/\/www.ohoho.pl\/index.php\/wp-json\/wp\/v2\/product"}],"about":[{"href":"https:\/\/www.ohoho.pl\/index.php\/wp-json\/wp\/v2\/types\/product"}],"replies":[{"embeddable":true,"href":"https:\/\/www.ohoho.pl\/index.php\/wp-json\/wp\/v2\/comments?post=585"}],"wp:featuredmedia":[{"embeddable":true,"href":"https:\/\/www.ohoho.pl\/index.php\/wp-json\/wp\/v2\/media\/567"}],"wp:attachment":[{"href":"https:\/\/www.ohoho.pl\/index.php\/wp-json\/wp\/v2\/media?parent=585"}],"wp:term":[{"taxonomy":"product_brand","embeddable":true,"href":"https:\/\/www.ohoho.pl\/index.php\/wp-json\/wp\/v2\/product_brand?post=585"},{"taxonomy":"product_cat","embeddable":true,"href":"https:\/\/www.ohoho.pl\/index.php\/wp-json\/wp\/v2\/product_cat?post=585"},{"taxonomy":"product_tag","embeddable":true,"href":"https:\/\/www.ohoho.pl\/index.php\/wp-json\/wp\/v2\/product_tag?post=585"}],"curies":[{"name":"wp","href":"https:\/\/api.w.org\/{rel}","templated":true}]}}