{"id":605,"date":"2024-11-02T04:25:26","date_gmt":"2024-11-02T04:25:26","guid":{"rendered":"https:\/\/www.ohoho.pl\/?post_type=product&#038;p=605"},"modified":"2024-11-02T04:35:49","modified_gmt":"2024-11-02T04:35:49","slug":"bluza-raya-l-kolorowapanterka","status":"publish","type":"product","link":"https:\/\/www.ohoho.pl\/index.php\/produkt\/bluza-raya-l-kolorowapanterka\/","title":{"rendered":"Bluza Raya L &#8211; KolorowaPanterka"},"content":{"rendered":"<p><strong>Materia\u0142:<\/strong> Bluza zosta\u0142a uszyta z wysokiej jako\u015bci materia\u0142u, kt\u00f3ry zapewnia zar\u00f3wno komfort, jak i trwa\u0142o\u015b\u0107.<\/p>\n<p><strong>Design:<\/strong> Bluza posiada wygodny i obszerny kaptur, w kontrastowym r\u00f3\u017cowym kolorze. Kiesze\u0144 kangurka i zamek pod szyj\u0105 zapewniaj\u0105 dodatkowy komfort noszenia. D\u00f3\u0142 oraz r\u0119kawy bluzy wyko\u0144czone s\u0105 elastycznym \u015bci\u0105gaczem, zapewniaj\u0105cym doskona\u0142e dopasowanie.<\/p>\n<p><strong>Rozmiar:<\/strong> Dost\u0119pna w rozmiarach XXS-3XL, idealnie dopasuje si\u0119 do sylwetki, oferuj\u0105c swobod\u0119 ruch\u00f3w i wygod\u0119 noszenia.<\/p>\n<p><strong>Instrukcja piel\u0119gnacji:<\/strong> Aby zachowa\u0107 intensywno\u015b\u0107 kolor\u00f3w i kszta\u0142t bluzy, zalecamy pranie na lewej stronie w temperaturze max 40\u00b0C z podobnymi kolorami. Nie nale\u017cy stosowa\u0107 wybielaczy ani suszy\u0107 w suszarce b\u0119bnowej.<\/p>\n","protected":false},"excerpt":{"rendered":"<p>Kolorowa bluza dla mi\u0142o\u015bniczej intensywnych kolor\u00f3w. Dzi\u0119ki niej nikt nie przejdzie obok Ciebie oboj\u0119tnie. Wykonana jest z wysokiej jako\u015bci dzianiny, co gwarantuje d\u0142ugotrwa\u0142e noszenie jej. Bluza nie tylko wzbogaci Twoj\u0105 garderob\u0119, ale r\u00f3wnie\u017c podkre\u015bli oryginalno\u015b\u0107 Twojego stylu.<\/p>\n","protected":false},"featured_media":550,"comment_status":"closed","ping_status":"closed","template":"","meta":[],"product_brand":[],"product_cat":[22],"product_tag":[32,100,61,40,45],"class_list":{"0":"post-605","1":"product","2":"type-product","3":"status-publish","4":"has-post-thumbnail","6":"product_cat-bluzy-dorosli","7":"product_tag-bluza","8":"product_tag-raya","9":"product_tag-tropikalnyraj","10":"product_tag-z-kapturem","11":"product_tag-z-zamkiem","12":"pa_color-kolorowapanterka","13":"pa_kaptur-z-kapturem","14":"pa_kieszenie-bez-kieszeni","15":"pa_zamek-bez-zamka","17":"first","18":"instock","19":"shipping-taxable","20":"purchasable","21":"product-type-simple"},"jetpack_sharing_enabled":true,"_links":{"self":[{"href":"https:\/\/www.ohoho.pl\/index.php\/wp-json\/wp\/v2\/product\/605","targetHints":{"allow":["GET"]}}],"collection":[{"href":"https:\/\/www.ohoho.pl\/index.php\/wp-json\/wp\/v2\/product"}],"about":[{"href":"https:\/\/www.ohoho.pl\/index.php\/wp-json\/wp\/v2\/types\/product"}],"replies":[{"embeddable":true,"href":"https:\/\/www.ohoho.pl\/index.php\/wp-json\/wp\/v2\/comments?post=605"}],"wp:featuredmedia":[{"embeddable":true,"href":"https:\/\/www.ohoho.pl\/index.php\/wp-json\/wp\/v2\/media\/550"}],"wp:attachment":[{"href":"https:\/\/www.ohoho.pl\/index.php\/wp-json\/wp\/v2\/media?parent=605"}],"wp:term":[{"taxonomy":"product_brand","embeddable":true,"href":"https:\/\/www.ohoho.pl\/index.php\/wp-json\/wp\/v2\/product_brand?post=605"},{"taxonomy":"product_cat","embeddable":true,"href":"https:\/\/www.ohoho.pl\/index.php\/wp-json\/wp\/v2\/product_cat?post=605"},{"taxonomy":"product_tag","embeddable":true,"href":"https:\/\/www.ohoho.pl\/index.php\/wp-json\/wp\/v2\/product_tag?post=605"}],"curies":[{"name":"wp","href":"https:\/\/api.w.org\/{rel}","templated":true}]}}