{"id":736,"date":"2024-11-03T04:45:34","date_gmt":"2024-11-03T04:45:34","guid":{"rendered":"https:\/\/www.ohoho.pl\/?post_type=product&#038;p=736"},"modified":"2024-12-13T17:45:43","modified_gmt":"2024-12-13T17:45:43","slug":"sukienka-anita-m-irises-stained-glass","status":"publish","type":"product","link":"https:\/\/www.ohoho.pl\/index.php\/produkt\/sukienka-anita-m-irises-stained-glass\/","title":{"rendered":"Sukienka Anita M &#8211; Irises stained glass"},"content":{"rendered":"<p><strong>Materia\u0142: <\/strong>Sportowa sukienka uszyta z wysokiej jako\u015bci materia\u0142u, kt\u00f3ry zapewnia zar\u00f3wno komfort, jak i trwa\u0142o\u015b\u0107.<\/p>\n<p><strong>Design:<\/strong> Posiada wygodny i obszerny kaptur, kieszenie w szwie. D\u00f3\u0142 sukienki i r\u0119kawy wyko\u0144czone s\u0105 podwini\u0119ciem.<\/p>\n<p><strong>Rozmiar:<\/strong> Dost\u0119pna w rozmiarach XXS-3XL, idealnie dopasuje si\u0119 do sylwetki, oferuj\u0105c swobod\u0119 ruch\u00f3w i wygod\u0119 noszenia.<\/p>\n<p><strong>Instrukcja piel\u0119gnacji:<\/strong> Aby zachowa\u0107 intensywno\u015b\u0107 kolor\u00f3w i kszta\u0142t sukienki, zalecamy pranie na lewej stronie w temperaturze max 40\u00b0C z podobnymi kolorami. Nie nale\u017cy stosowa\u0107 wybielaczy ani suszy\u0107 w suszarce b\u0119bnowej.<\/p>\n","protected":false},"excerpt":{"rendered":"<p>Kolorowa sportowa sukienka dla mi\u0142o\u015bniczek intensywnych kolor\u00f3w. Dzi\u0119ki niej nikt nie przejdzie obok Ciebie oboj\u0119tnie. Wykonana jest z wysokiej jako\u015bci dzianiny, co gwarantuje d\u0142ugotrwa\u0142e noszenie jej. Sukienka nie tylko wzbogaci Twoj\u0105 garderob\u0119, ale r\u00f3wnie\u017c podkre\u015bli oryginalno\u015b\u0107 Twojego stylu.<\/p>\n","protected":false},"featured_media":693,"comment_status":"closed","ping_status":"closed","template":"","meta":[],"product_brand":[],"product_cat":[103],"product_tag":[105,106,104,40],"class_list":{"0":"post-736","1":"product","2":"type-product","3":"status-publish","4":"has-post-thumbnail","6":"product_cat-sukienki","7":"product_tag-anita","8":"product_tag-irises-stained-glass","9":"product_tag-sukienka","10":"product_tag-z-kapturem","11":"pa_color-kolorowapanterka","12":"pa_kaptur-z-kapturem","13":"pa_kieszenie-bez-kieszeni","14":"pa_zamek-bez-zamka","16":"first","17":"onbackorder","18":"shipping-taxable","19":"purchasable","20":"product-type-simple"},"jetpack_sharing_enabled":true,"_links":{"self":[{"href":"https:\/\/www.ohoho.pl\/index.php\/wp-json\/wp\/v2\/product\/736","targetHints":{"allow":["GET"]}}],"collection":[{"href":"https:\/\/www.ohoho.pl\/index.php\/wp-json\/wp\/v2\/product"}],"about":[{"href":"https:\/\/www.ohoho.pl\/index.php\/wp-json\/wp\/v2\/types\/product"}],"replies":[{"embeddable":true,"href":"https:\/\/www.ohoho.pl\/index.php\/wp-json\/wp\/v2\/comments?post=736"}],"wp:featuredmedia":[{"embeddable":true,"href":"https:\/\/www.ohoho.pl\/index.php\/wp-json\/wp\/v2\/media\/693"}],"wp:attachment":[{"href":"https:\/\/www.ohoho.pl\/index.php\/wp-json\/wp\/v2\/media?parent=736"}],"wp:term":[{"taxonomy":"product_brand","embeddable":true,"href":"https:\/\/www.ohoho.pl\/index.php\/wp-json\/wp\/v2\/product_brand?post=736"},{"taxonomy":"product_cat","embeddable":true,"href":"https:\/\/www.ohoho.pl\/index.php\/wp-json\/wp\/v2\/product_cat?post=736"},{"taxonomy":"product_tag","embeddable":true,"href":"https:\/\/www.ohoho.pl\/index.php\/wp-json\/wp\/v2\/product_tag?post=736"}],"curies":[{"name":"wp","href":"https:\/\/api.w.org\/{rel}","templated":true}]}}