{"id":803,"date":"2024-11-06T12:53:43","date_gmt":"2024-11-06T12:53:43","guid":{"rendered":"https:\/\/www.ohoho.pl\/?post_type=product&#038;p=803"},"modified":"2024-11-06T12:58:47","modified_gmt":"2024-11-06T12:58:47","slug":"bomberka-maya-m-tropikalnyraj","status":"publish","type":"product","link":"https:\/\/www.ohoho.pl\/index.php\/produkt\/bomberka-maya-m-tropikalnyraj\/","title":{"rendered":"Bomberka Maya M &#8211; TropikalnyRaj"},"content":{"rendered":"<p><strong>Materia\u0142: <\/strong>Rozpinana bluza bez kaptura\u00a0uszyta z wysokiej jako\u015bci materia\u0142u, kt\u00f3ry zapewnia zar\u00f3wno komfort, jak i trwa\u0142o\u015b\u0107.<\/p>\n<p><strong>Design:<\/strong> Bluza rozpinana bez kaptura, typu bomberka. Posiada kieszenie, r\u0119kawy raglanowe. Wyko\u0144czona jest \u015bci\u0105gaczami.<\/p>\n<p><strong>Rozmiar:<\/strong> Dost\u0119pna w rozmiarach XXS-3XL, idealnie dopasuje si\u0119 do sylwetki, oferuj\u0105c swobod\u0119 ruch\u00f3w i wygod\u0119 noszenia.<\/p>\n<p><strong>Instrukcja piel\u0119gnacji:<\/strong> Aby zachowa\u0107 intensywno\u015b\u0107 kolor\u00f3w i kszta\u0142t sukienki, zalecamy pranie na lewej stronie w temperaturze max 40\u00b0C z podobnymi kolorami. Nie nale\u017cy stosowa\u0107 wybielaczy ani suszy\u0107 w suszarce b\u0119bnowej.<\/p>\n","protected":false},"excerpt":{"rendered":"<ul>\n<li>bluza rozpinana typu bomberka<\/li>\n<li>bez kaptura<\/li>\n<li>z kieszeniami<\/li>\n<li>r\u0119kaw raglanowy<\/li>\n<li>wyko\u0144czona \u015bci\u0105gaczem<\/li>\n<li>uszyta z dzianiny dresowej (bawe\u0142na z elastanem)<\/li>\n<\/ul>\n","protected":false},"featured_media":801,"comment_status":"closed","ping_status":"closed","template":"","meta":[],"product_brand":[],"product_cat":[22],"product_tag":[60,113,61,46],"class_list":{"0":"post-803","1":"product","2":"type-product","3":"status-publish","4":"has-post-thumbnail","6":"product_cat-bluzy-dorosli","7":"product_tag-maya","8":"product_tag-na-zamek","9":"product_tag-tropikalnyraj","10":"product_tag-z-kieszeniami","11":"pa_color-kolorowapanterka","12":"pa_kaptur-z-kapturem","13":"pa_kieszenie-bez-kieszeni","14":"pa_zamek-bez-zamka","16":"first","17":"onbackorder","18":"shipping-taxable","19":"purchasable","20":"product-type-simple"},"jetpack_sharing_enabled":true,"_links":{"self":[{"href":"https:\/\/www.ohoho.pl\/index.php\/wp-json\/wp\/v2\/product\/803","targetHints":{"allow":["GET"]}}],"collection":[{"href":"https:\/\/www.ohoho.pl\/index.php\/wp-json\/wp\/v2\/product"}],"about":[{"href":"https:\/\/www.ohoho.pl\/index.php\/wp-json\/wp\/v2\/types\/product"}],"replies":[{"embeddable":true,"href":"https:\/\/www.ohoho.pl\/index.php\/wp-json\/wp\/v2\/comments?post=803"}],"wp:featuredmedia":[{"embeddable":true,"href":"https:\/\/www.ohoho.pl\/index.php\/wp-json\/wp\/v2\/media\/801"}],"wp:attachment":[{"href":"https:\/\/www.ohoho.pl\/index.php\/wp-json\/wp\/v2\/media?parent=803"}],"wp:term":[{"taxonomy":"product_brand","embeddable":true,"href":"https:\/\/www.ohoho.pl\/index.php\/wp-json\/wp\/v2\/product_brand?post=803"},{"taxonomy":"product_cat","embeddable":true,"href":"https:\/\/www.ohoho.pl\/index.php\/wp-json\/wp\/v2\/product_cat?post=803"},{"taxonomy":"product_tag","embeddable":true,"href":"https:\/\/www.ohoho.pl\/index.php\/wp-json\/wp\/v2\/product_tag?post=803"}],"curies":[{"name":"wp","href":"https:\/\/api.w.org\/{rel}","templated":true}]}}