{"id":840,"date":"2024-11-06T13:16:13","date_gmt":"2024-11-06T13:16:13","guid":{"rendered":"https:\/\/www.ohoho.pl\/?post_type=product&#038;p=840"},"modified":"2024-11-06T13:17:24","modified_gmt":"2024-11-06T13:17:24","slug":"spodnica-irka-m-kolorowy-witraz","status":"publish","type":"product","link":"https:\/\/www.ohoho.pl\/index.php\/produkt\/spodnica-irka-m-kolorowy-witraz\/","title":{"rendered":"Sp\u00f3dnica Irka M &#8211; Kolorowy Witra\u017c"},"content":{"rendered":"<p><strong>Materia\u0142: <\/strong>Sp\u00f3dnica typu bombka\u00a0uszyta z wysokiej jako\u015bci materia\u0142u, kt\u00f3ry zapewnia zar\u00f3wno komfort, jak i trwa\u0142o\u015b\u0107.<\/p>\n<p><strong>Design:<\/strong> Sp\u00f3dnica z kieszeniami typu bombka. D\u00f3\u0142 \u015bci\u0105gniety gumk\u0105.<\/p>\n<p><strong>Rozmiar:<\/strong> Dost\u0119pna w rozmiarach XXS-3XL, idealnie dopasuje si\u0119 do sylwetki, oferuj\u0105c swobod\u0119 ruch\u00f3w i wygod\u0119 noszenia.<\/p>\n<p><strong>Instrukcja piel\u0119gnacji:<\/strong> Aby zachowa\u0107 intensywno\u015b\u0107 kolor\u00f3w i kszta\u0142t sukienki, zalecamy pranie na lewej stronie w temperaturze max 40\u00b0C z podobnymi kolorami. Nie nale\u017cy stosowa\u0107 wybielaczy ani suszy\u0107 w suszarce b\u0119bnowej.<\/p>\n","protected":false},"excerpt":{"rendered":"<ul>\n<li>asymetryczna sp\u00f3dnica damska typu bombka<\/li>\n<li>w pasie wszyty pasek, w kt\u00f3ry wci\u0105gni\u0119ta jest gumka<\/li>\n<li>po bokach kieszenie sko\u015bne<\/li>\n<li>w dole sp\u00f3dnicy wszyta gumka<\/li>\n<\/ul>\n","protected":false},"featured_media":834,"comment_status":"closed","ping_status":"closed","template":"","meta":[],"product_brand":[],"product_cat":[15],"product_tag":[118,120,123,46],"class_list":{"0":"post-840","1":"product","2":"type-product","3":"status-publish","4":"has-post-thumbnail","6":"product_cat-spodnice","7":"product_tag-bombka","8":"product_tag-irka","9":"product_tag-kolorowy-witraz","10":"product_tag-z-kieszeniami","11":"pa_color-kolorowapanterka","12":"pa_kaptur-z-kapturem","13":"pa_kieszenie-bez-kieszeni","14":"pa_zamek-bez-zamka","16":"first","17":"onbackorder","18":"shipping-taxable","19":"purchasable","20":"product-type-simple"},"jetpack_sharing_enabled":true,"_links":{"self":[{"href":"https:\/\/www.ohoho.pl\/index.php\/wp-json\/wp\/v2\/product\/840","targetHints":{"allow":["GET"]}}],"collection":[{"href":"https:\/\/www.ohoho.pl\/index.php\/wp-json\/wp\/v2\/product"}],"about":[{"href":"https:\/\/www.ohoho.pl\/index.php\/wp-json\/wp\/v2\/types\/product"}],"replies":[{"embeddable":true,"href":"https:\/\/www.ohoho.pl\/index.php\/wp-json\/wp\/v2\/comments?post=840"}],"wp:featuredmedia":[{"embeddable":true,"href":"https:\/\/www.ohoho.pl\/index.php\/wp-json\/wp\/v2\/media\/834"}],"wp:attachment":[{"href":"https:\/\/www.ohoho.pl\/index.php\/wp-json\/wp\/v2\/media?parent=840"}],"wp:term":[{"taxonomy":"product_brand","embeddable":true,"href":"https:\/\/www.ohoho.pl\/index.php\/wp-json\/wp\/v2\/product_brand?post=840"},{"taxonomy":"product_cat","embeddable":true,"href":"https:\/\/www.ohoho.pl\/index.php\/wp-json\/wp\/v2\/product_cat?post=840"},{"taxonomy":"product_tag","embeddable":true,"href":"https:\/\/www.ohoho.pl\/index.php\/wp-json\/wp\/v2\/product_tag?post=840"}],"curies":[{"name":"wp","href":"https:\/\/api.w.org\/{rel}","templated":true}]}}